{"id":1457,"date":"2023-04-24T07:59:58","date_gmt":"2023-04-24T10:59:58","guid":{"rendered":"https:\/\/puskurum.com\/?page_id=1457"},"modified":"2023-07-10T17:29:19","modified_gmt":"2023-07-10T20:29:19","slug":"workshop","status":"publish","type":"page","link":"https:\/\/puskurum.com\/index.php\/workshop\/","title":{"rendered":"WORKSHOP"},"content":{"rendered":"\t\t<div data-elementor-type=\"wp-page\" data-elementor-id=\"1457\" class=\"elementor elementor-1457\">\n\t\t\t\t\t\t\t\t\t<section class=\"elementor-section elementor-top-section elementor-element elementor-element-b2d83b9 elementor-section-boxed elementor-section-height-default elementor-section-height-default\" data-id=\"b2d83b9\" data-element_type=\"section\">\n\t\t\t\t\t\t<div class=\"elementor-container elementor-column-gap-default\">\n\t\t\t\t\t<div class=\"elementor-column elementor-col-100 elementor-top-column elementor-element elementor-element-862b9fc\" data-id=\"862b9fc\" data-element_type=\"column\">\n\t\t\t<div class=\"elementor-widget-wrap elementor-element-populated\">\n\t\t\t\t\t\t\t\t<div class=\"elementor-element elementor-element-481bda2 elementor-widget elementor-widget-spacer\" data-id=\"481bda2\" data-element_type=\"widget\" data-widget_type=\"spacer.default\">\n\t\t\t\t<div class=\"elementor-widget-container\">\n\t\t\t<style>\/*! elementor - v3.15.0 - 09-08-2023 *\/\n.elementor-column .elementor-spacer-inner{height:var(--spacer-size)}.e-con{--container-widget-width:100%}.e-con-inner>.elementor-widget-spacer,.e-con>.elementor-widget-spacer{width:var(--container-widget-width,var(--spacer-size));--align-self:var(--container-widget-align-self,initial);--flex-shrink:0}.e-con-inner>.elementor-widget-spacer>.elementor-widget-container,.e-con-inner>.elementor-widget-spacer>.elementor-widget-container>.elementor-spacer,.e-con>.elementor-widget-spacer>.elementor-widget-container,.e-con>.elementor-widget-spacer>.elementor-widget-container>.elementor-spacer{height:100%}.e-con-inner>.elementor-widget-spacer>.elementor-widget-container>.elementor-spacer>.elementor-spacer-inner,.e-con>.elementor-widget-spacer>.elementor-widget-container>.elementor-spacer>.elementor-spacer-inner{height:var(--container-widget-height,var(--spacer-size))}<\/style>\t\t<div class=\"elementor-spacer\">\n\t\t\t<div class=\"elementor-spacer-inner\"><\/div>\n\t\t<\/div>\n\t\t\t\t<\/div>\n\t\t\t\t<\/div>\n\t\t\t\t<div class=\"elementor-element elementor-element-a299d95 elementor-widget elementor-widget-heading\" data-id=\"a299d95\" data-element_type=\"widget\" data-widget_type=\"heading.default\">\n\t\t\t\t<div class=\"elementor-widget-container\">\n\t\t\t<style>\/*! elementor - v3.15.0 - 09-08-2023 *\/\n.elementor-heading-title{padding:0;margin:0;line-height:1}.elementor-widget-heading .elementor-heading-title[class*=elementor-size-]>a{color:inherit;font-size:inherit;line-height:inherit}.elementor-widget-heading .elementor-heading-title.elementor-size-small{font-size:15px}.elementor-widget-heading .elementor-heading-title.elementor-size-medium{font-size:19px}.elementor-widget-heading .elementor-heading-title.elementor-size-large{font-size:29px}.elementor-widget-heading .elementor-heading-title.elementor-size-xl{font-size:39px}.elementor-widget-heading .elementor-heading-title.elementor-size-xxl{font-size:59px}<\/style><h2 class=\"elementor-heading-title elementor-size-default\">WORKSHOPS<\/h2>\t\t<\/div>\n\t\t\t\t<\/div>\n\t\t\t\t\t<\/div>\n\t\t<\/div>\n\t\t\t\t\t\t\t<\/div>\n\t\t<\/section>\n\t\t\t\t<section class=\"elementor-section elementor-top-section elementor-element elementor-element-bab00f5 elementor-section-boxed elementor-section-height-default elementor-section-height-default\" data-id=\"bab00f5\" data-element_type=\"section\">\n\t\t\t\t\t\t<div class=\"elementor-container elementor-column-gap-default\">\n\t\t\t\t\t<div class=\"elementor-column elementor-col-100 elementor-top-column elementor-element elementor-element-371ecd0\" data-id=\"371ecd0\" data-element_type=\"column\">\n\t\t\t<div class=\"elementor-widget-wrap elementor-element-populated\">\n\t\t\t\t\t\t\t\t<div class=\"elementor-element elementor-element-dadf0be elementor-widget elementor-widget-text-editor\" data-id=\"dadf0be\" data-element_type=\"widget\" data-widget_type=\"text-editor.default\">\n\t\t\t\t<div class=\"elementor-widget-container\">\n\t\t\t<style>\/*! elementor - v3.15.0 - 09-08-2023 *\/\n.elementor-widget-text-editor.elementor-drop-cap-view-stacked .elementor-drop-cap{background-color:#69727d;color:#fff}.elementor-widget-text-editor.elementor-drop-cap-view-framed .elementor-drop-cap{color:#69727d;border:3px solid;background-color:transparent}.elementor-widget-text-editor:not(.elementor-drop-cap-view-default) .elementor-drop-cap{margin-top:8px}.elementor-widget-text-editor:not(.elementor-drop-cap-view-default) .elementor-drop-cap-letter{width:1em;height:1em}.elementor-widget-text-editor .elementor-drop-cap{float:left;text-align:center;line-height:1;font-size:50px}.elementor-widget-text-editor .elementor-drop-cap-letter{display:inline-block}<\/style>\t\t\t\t<p><span style=\"font-weight: 400;\">The <\/span><span style=\"font-weight: 400;\">P\u00dcSK\u00dcR\u00dcM project and the Marie Sklodowska-Curie Actions (MSCA) program have been presented by Dr. Ivan Suny\u00e9 Puchol in several workshops. For example, at:<\/span><\/p><p><span style=\"font-weight: 400;\">&#8211; the <\/span><a href=\"https:\/\/civis.eu\/en\/events\/civis-msca-infodays\"><span style=\"font-weight: 400;\">CIVIS<\/span><\/a><span style=\"font-weight: 400;\"> and <\/span><a href=\"https:\/\/news.uniroma1.it\/23052022_1500\"><span style=\"font-weight: 400;\">Sapienza<\/span><\/a><span style=\"font-weight: 400;\"> MSCA &#8211; Infodays, where Ivan have presented how to prepare an European Research Project and he gave hints\/tips to potential MSCA-Fellowship applicants.\u00a0<\/span><\/p><p><span style=\"font-weight: 400;\">&#8211; We have collaborated with the <\/span><a href=\"https:\/\/mimirandino.org\/\"><span style=\"font-weight: 400;\">MIMIR Andino<\/span><\/a><span style=\"font-weight: 400;\"> project helping to modernise the institutional management of the research and innovation of the Andean Region and Latin America.\u00a0<\/span><\/p><p><span style=\"font-weight: 400;\">&#8211; The tephrostratigraphic study performed to reconstruct volcanic histories within Central Anatolia, has been presented also in the <\/span><a href=\"https:\/\/vocs931575869.wordpress.com\/\"><span style=\"font-weight: 400;\">VOCS Workshop<\/span><\/a><span style=\"font-weight: 400;\">: the coupling of volcanic, climatic and sedimentary processes across the lifetime of Arc-Volcanic systems.\u00a0<\/span><\/p>\t\t\t\t\t\t<\/div>\n\t\t\t\t<\/div>\n\t\t\t\t\t<\/div>\n\t\t<\/div>\n\t\t\t\t\t\t\t<\/div>\n\t\t<\/section>\n\t\t\t\t<section class=\"elementor-section elementor-top-section elementor-element elementor-element-06a9a79 elementor-section-boxed elementor-section-height-default elementor-section-height-default\" data-id=\"06a9a79\" data-element_type=\"section\">\n\t\t\t\t\t\t<div class=\"elementor-container elementor-column-gap-default\">\n\t\t\t\t\t<div class=\"elementor-column elementor-col-100 elementor-top-column elementor-element elementor-element-72d2d90\" data-id=\"72d2d90\" data-element_type=\"column\">\n\t\t\t<div class=\"elementor-widget-wrap elementor-element-populated\">\n\t\t\t\t\t\t\t\t<div class=\"elementor-element elementor-element-b3c9c12 elementor-arrows-position-inside elementor-pagination-position-outside elementor-widget elementor-widget-image-carousel\" data-id=\"b3c9c12\" data-element_type=\"widget\" data-settings=\"{&quot;slides_to_show&quot;:&quot;1&quot;,&quot;navigation&quot;:&quot;both&quot;,&quot;autoplay&quot;:&quot;yes&quot;,&quot;pause_on_hover&quot;:&quot;yes&quot;,&quot;pause_on_interaction&quot;:&quot;yes&quot;,&quot;autoplay_speed&quot;:5000,&quot;infinite&quot;:&quot;yes&quot;,&quot;effect&quot;:&quot;slide&quot;,&quot;speed&quot;:500}\" data-widget_type=\"image-carousel.default\">\n\t\t\t\t<div class=\"elementor-widget-container\">\n\t\t\t<style>\/*! elementor - v3.15.0 - 09-08-2023 *\/\n.elementor-widget-image-carousel .swiper,.elementor-widget-image-carousel .swiper-container{position:static}.elementor-widget-image-carousel .swiper-container .swiper-slide figure,.elementor-widget-image-carousel .swiper .swiper-slide figure{line-height:inherit}.elementor-widget-image-carousel .swiper-slide{text-align:center}.elementor-image-carousel-wrapper:not(.swiper-container-initialized):not(.swiper-initialized) .swiper-slide{max-width:calc(100% \/ var(--e-image-carousel-slides-to-show, 3))}<\/style>\t\t<div class=\"elementor-image-carousel-wrapper swiper\" dir=\"ltr\">\n\t\t\t<div class=\"elementor-image-carousel swiper-wrapper\" aria-live=\"off\">\n\t\t\t\t\t\t\t\t<div class=\"swiper-slide\" role=\"group\" aria-roledescription=\"slide\" aria-label=\"1 of 4\"><a data-elementor-open-lightbox=\"yes\" data-elementor-lightbox-slideshow=\"b3c9c12\" data-elementor-lightbox-title=\"VOCS\" data-e-action-hash=\"#elementor-action%3Aaction%3Dlightbox%26settings%3DeyJpZCI6MjEwNiwidXJsIjoiaHR0cHM6XC9cL3B1c2t1cnVtLmNvbVwvd3AtY29udGVudFwvdXBsb2Fkc1wvMjAyM1wvMDdcL1ZPQ1MucG5nIiwic2xpZGVzaG93IjoiYjNjOWMxMiJ9\" href=\"https:\/\/puskurum.com\/wp-content\/uploads\/2023\/07\/VOCS.png\"><figure class=\"swiper-slide-inner\"><img decoding=\"async\" class=\"swiper-slide-image\" src=\"https:\/\/puskurum.com\/wp-content\/uploads\/2023\/07\/VOCS-768x410.png\" alt=\"VOCS\" \/><\/figure><\/a><\/div><div class=\"swiper-slide\" role=\"group\" aria-roledescription=\"slide\" aria-label=\"2 of 4\"><a data-elementor-open-lightbox=\"yes\" data-elementor-lightbox-slideshow=\"b3c9c12\" data-elementor-lightbox-title=\"Screenshot 2023-06-13 at 09.45.56 2\" data-e-action-hash=\"#elementor-action%3Aaction%3Dlightbox%26settings%3DeyJpZCI6MjA5MywidXJsIjoiaHR0cHM6XC9cL3B1c2t1cnVtLmNvbVwvd3AtY29udGVudFwvdXBsb2Fkc1wvMjAyM1wvMDdcL1NjcmVlbnNob3QtMjAyMy0wNi0xMy1hdC0wOS40NS41Ni0yLnBuZyIsInNsaWRlc2hvdyI6ImIzYzljMTIifQ%3D%3D\" href=\"https:\/\/puskurum.com\/wp-content\/uploads\/2023\/07\/Screenshot-2023-06-13-at-09.45.56-2.png\"><figure class=\"swiper-slide-inner\"><img decoding=\"async\" class=\"swiper-slide-image\" src=\"https:\/\/puskurum.com\/wp-content\/uploads\/2023\/07\/Screenshot-2023-06-13-at-09.45.56-2-768x1056.png\" alt=\"Screenshot 2023-06-13 at 09.45.56 2\" \/><\/figure><\/a><\/div><div class=\"swiper-slide\" role=\"group\" aria-roledescription=\"slide\" aria-label=\"3 of 4\"><a data-elementor-open-lightbox=\"yes\" data-elementor-lightbox-slideshow=\"b3c9c12\" data-elementor-lightbox-title=\"Screenshot 2023-06-13 at 09.56.39\" data-e-action-hash=\"#elementor-action%3Aaction%3Dlightbox%26settings%3DeyJpZCI6MjA5NSwidXJsIjoiaHR0cHM6XC9cL3B1c2t1cnVtLmNvbVwvd3AtY29udGVudFwvdXBsb2Fkc1wvMjAyM1wvMDdcL1NjcmVlbnNob3QtMjAyMy0wNi0xMy1hdC0wOS41Ni4zOS5wbmciLCJzbGlkZXNob3ciOiJiM2M5YzEyIn0%3D\" href=\"https:\/\/puskurum.com\/wp-content\/uploads\/2023\/07\/Screenshot-2023-06-13-at-09.56.39.png\"><figure class=\"swiper-slide-inner\"><img decoding=\"async\" class=\"swiper-slide-image\" src=\"https:\/\/puskurum.com\/wp-content\/uploads\/2023\/07\/Screenshot-2023-06-13-at-09.56.39-768x433.png\" alt=\"Screenshot 2023-06-13 at 09.56.39\" \/><\/figure><\/a><\/div><div class=\"swiper-slide\" role=\"group\" aria-roledescription=\"slide\" aria-label=\"4 of 4\"><a data-elementor-open-lightbox=\"yes\" data-elementor-lightbox-slideshow=\"b3c9c12\" data-elementor-lightbox-title=\"May workshop infoday sapienza\" data-e-action-hash=\"#elementor-action%3Aaction%3Dlightbox%26settings%3DeyJpZCI6MjEwNywidXJsIjoiaHR0cHM6XC9cL3B1c2t1cnVtLmNvbVwvd3AtY29udGVudFwvdXBsb2Fkc1wvMjAyM1wvMDdcL01heS13b3Jrc2hvcC1pbmZvZGF5LXNhcGllbnphLnBuZyIsInNsaWRlc2hvdyI6ImIzYzljMTIifQ%3D%3D\" href=\"https:\/\/puskurum.com\/wp-content\/uploads\/2023\/07\/May-workshop-infoday-sapienza.png\"><figure class=\"swiper-slide-inner\"><img decoding=\"async\" class=\"swiper-slide-image\" src=\"https:\/\/puskurum.com\/wp-content\/uploads\/2023\/07\/May-workshop-infoday-sapienza-768x594.png\" alt=\"May workshop infoday sapienza\" \/><\/figure><\/a><\/div>\t\t\t<\/div>\n\t\t\t\t\t\t\t\t\t\t\t\t<div class=\"elementor-swiper-button elementor-swiper-button-prev\" role=\"button\" tabindex=\"0\">\n\t\t\t\t\t\t<i aria-hidden=\"true\" class=\"eicon-chevron-left\"><\/i>\t\t\t\t\t<\/div>\n\t\t\t\t\t<div class=\"elementor-swiper-button elementor-swiper-button-next\" role=\"button\" tabindex=\"0\">\n\t\t\t\t\t\t<i aria-hidden=\"true\" class=\"eicon-chevron-right\"><\/i>\t\t\t\t\t<\/div>\n\t\t\t\t\n\t\t\t\t\t\t\t\t\t<div class=\"swiper-pagination\"><\/div>\n\t\t\t\t\t\t\t\t\t<\/div>\n\t\t\t\t<\/div>\n\t\t\t\t<\/div>\n\t\t\t\t\t<\/div>\n\t\t<\/div>\n\t\t\t\t\t\t\t<\/div>\n\t\t<\/section>\n\t\t\t\t<section class=\"elementor-section elementor-top-section elementor-element elementor-element-6281a37 elementor-section-boxed elementor-section-height-default elementor-section-height-default\" data-id=\"6281a37\" data-element_type=\"section\">\n\t\t\t\t\t\t<div class=\"elementor-container elementor-column-gap-default\">\n\t\t\t\t\t<div class=\"elementor-column elementor-col-100 elementor-top-column elementor-element elementor-element-4f37f29\" data-id=\"4f37f29\" data-element_type=\"column\">\n\t\t\t<div class=\"elementor-widget-wrap elementor-element-populated\">\n\t\t\t\t\t\t\t\t<div class=\"elementor-element elementor-element-af16c30 elementor-widget elementor-widget-text-editor\" data-id=\"af16c30\" data-element_type=\"widget\" data-widget_type=\"text-editor.default\">\n\t\t\t\t<div class=\"elementor-widget-container\">\n\t\t\t\t\t\t\t<p><span style=\"font-weight: 400;\">In addition, the P\u00dcSK\u00dcR\u00dcM team have been working to organise the <\/span><a href=\"https:\/\/inquaroma2023.org\/workshops-and-short-courses\/\"><span style=\"font-weight: 400;\">Workshop (PCW3) <\/span><\/a><span style=\"font-weight: 400;\">\u00a0about <a href=\"https:\/\/puskurum.com\/index.php\/participate\/#inqua\" target=\"_blank\" rel=\"noopener\">\u201c<\/a><\/span><a href=\"_wp_link_placeholder\"><span style=\"font-weight: 400;\">Quaternary explosive volcanism of Anatolia and its implications for volcanic hazard assessments in Turkey<\/span><span style=\"font-weight: 400;\">\u201d <\/span><\/a><span style=\"font-weight: 400;\">within the INQUA conference framework, which will be held in Rome this July 2023. This PCW3 Workshop will be a perfect opportunity to discuss with the scientific community, the current state-of-the-art of Anatolian volcanism studies and how important is it to improve the eruption record knowledge for better hazard assessments.\u00a0<\/span><\/p>\t\t\t\t\t\t<\/div>\n\t\t\t\t<\/div>\n\t\t\t\t\t<\/div>\n\t\t<\/div>\n\t\t\t\t\t\t\t<\/div>\n\t\t<\/section>\n\t\t\t\t\t\t\t<\/div>\n\t\t","protected":false},"excerpt":{"rendered":"<p>WORKSHOPS The P\u00dcSK\u00dcR\u00dcM project and the Marie Sklodowska-Curie Actions (MSCA) program have been presented by Dr. Ivan Suny\u00e9 Puchol in several workshops. For example, at: &#8211; the CIVIS and Sapienza MSCA &#8211; Infodays, where Ivan have presented how to prepare an European Research Project and he gave hints\/tips to potential MSCA-Fellowship applicants.\u00a0 &#8211; We have &hellip;<\/p>\n<p class=\"read-more\"> <a class=\"\" href=\"https:\/\/puskurum.com\/index.php\/workshop\/\"> <span class=\"screen-reader-text\">WORKSHOP<\/span> Read More &raquo;<\/a><\/p>\n","protected":false},"author":1,"featured_media":0,"parent":0,"menu_order":0,"comment_status":"closed","ping_status":"closed","template":"","meta":{"site-sidebar-layout":"no-sidebar","site-content-layout":"page-builder","ast-global-header-display":"","ast-main-header-display":"","ast-hfb-above-header-display":"","ast-hfb-below-header-display":"","ast-hfb-mobile-header-display":"","site-post-title":"disabled","ast-breadcrumbs-content":"","ast-featured-img":"disabled","footer-sml-layout":"","theme-transparent-header-meta":"","adv-header-id-meta":"","stick-header-meta":"","header-above-stick-meta":"","header-main-stick-meta":"","header-below-stick-meta":""},"_links":{"self":[{"href":"https:\/\/puskurum.com\/index.php\/wp-json\/wp\/v2\/pages\/1457"}],"collection":[{"href":"https:\/\/puskurum.com\/index.php\/wp-json\/wp\/v2\/pages"}],"about":[{"href":"https:\/\/puskurum.com\/index.php\/wp-json\/wp\/v2\/types\/page"}],"author":[{"embeddable":true,"href":"https:\/\/puskurum.com\/index.php\/wp-json\/wp\/v2\/users\/1"}],"replies":[{"embeddable":true,"href":"https:\/\/puskurum.com\/index.php\/wp-json\/wp\/v2\/comments?post=1457"}],"version-history":[{"count":7,"href":"https:\/\/puskurum.com\/index.php\/wp-json\/wp\/v2\/pages\/1457\/revisions"}],"predecessor-version":[{"id":2384,"href":"https:\/\/puskurum.com\/index.php\/wp-json\/wp\/v2\/pages\/1457\/revisions\/2384"}],"wp:attachment":[{"href":"https:\/\/puskurum.com\/index.php\/wp-json\/wp\/v2\/media?parent=1457"}],"curies":[{"name":"wp","href":"https:\/\/api.w.org\/{rel}","templated":true}]}}