{"id":1752,"date":"2023-06-03T13:01:53","date_gmt":"2023-06-03T16:01:53","guid":{"rendered":"https:\/\/puskurum.com\/?page_id=1752"},"modified":"2023-06-13T07:52:05","modified_gmt":"2023-06-13T10:52:05","slug":"photo-gallery","status":"publish","type":"page","link":"https:\/\/puskurum.com\/index.php\/puskurum-2\/photo-gallery\/","title":{"rendered":"PHOTO GALLERY"},"content":{"rendered":"\t\t<div data-elementor-type=\"wp-page\" data-elementor-id=\"1752\" class=\"elementor elementor-1752\">\n\t\t\t\t\t\t\t\t\t<section class=\"elementor-section elementor-top-section elementor-element elementor-element-06910d7 elementor-section-boxed elementor-section-height-default elementor-section-height-default\" data-id=\"06910d7\" data-element_type=\"section\">\n\t\t\t\t\t\t<div class=\"elementor-container elementor-column-gap-default\">\n\t\t\t\t\t<div class=\"elementor-column elementor-col-100 elementor-top-column elementor-element elementor-element-cad06ad\" data-id=\"cad06ad\" data-element_type=\"column\">\n\t\t\t<div class=\"elementor-widget-wrap elementor-element-populated\">\n\t\t\t\t\t\t\t\t<div class=\"elementor-element elementor-element-5f7e3b2 elementor-widget elementor-widget-heading\" data-id=\"5f7e3b2\" data-element_type=\"widget\" data-widget_type=\"heading.default\">\n\t\t\t\t<div class=\"elementor-widget-container\">\n\t\t\t<style>\/*! elementor - v3.15.0 - 09-08-2023 *\/\n.elementor-heading-title{padding:0;margin:0;line-height:1}.elementor-widget-heading .elementor-heading-title[class*=elementor-size-]>a{color:inherit;font-size:inherit;line-height:inherit}.elementor-widget-heading .elementor-heading-title.elementor-size-small{font-size:15px}.elementor-widget-heading .elementor-heading-title.elementor-size-medium{font-size:19px}.elementor-widget-heading .elementor-heading-title.elementor-size-large{font-size:29px}.elementor-widget-heading .elementor-heading-title.elementor-size-xl{font-size:39px}.elementor-widget-heading .elementor-heading-title.elementor-size-xxl{font-size:59px}<\/style><h2 class=\"elementor-heading-title elementor-size-default\">PHOTO GALLERY<\/h2>\t\t<\/div>\n\t\t\t\t<\/div>\n\t\t\t\t<div class=\"elementor-element elementor-element-e0febba gallery-spacing-custom elementor-widget elementor-widget-image-gallery\" data-id=\"e0febba\" data-element_type=\"widget\" data-widget_type=\"image-gallery.default\">\n\t\t\t\t<div class=\"elementor-widget-container\">\n\t\t\t<style>\/*! elementor - v3.15.0 - 09-08-2023 *\/\n.elementor-image-gallery .gallery-item{display:inline-block;text-align:center;vertical-align:top;width:100%;max-width:100%;margin:0 auto}.elementor-image-gallery .gallery-item img{margin:0 auto}.elementor-image-gallery .gallery-item .gallery-caption{margin:0}.elementor-image-gallery figure img{display:block}.elementor-image-gallery figure figcaption{width:100%}.gallery-spacing-custom .elementor-image-gallery .gallery-icon{padding:0}@media (min-width:768px){.elementor-image-gallery .gallery-columns-2 .gallery-item{max-width:50%}.elementor-image-gallery .gallery-columns-3 .gallery-item{max-width:33.33%}.elementor-image-gallery .gallery-columns-4 .gallery-item{max-width:25%}.elementor-image-gallery .gallery-columns-5 .gallery-item{max-width:20%}.elementor-image-gallery .gallery-columns-6 .gallery-item{max-width:16.666%}.elementor-image-gallery .gallery-columns-7 .gallery-item{max-width:14.28%}.elementor-image-gallery .gallery-columns-8 .gallery-item{max-width:12.5%}.elementor-image-gallery .gallery-columns-9 .gallery-item{max-width:11.11%}.elementor-image-gallery .gallery-columns-10 .gallery-item{max-width:10%}}@media (min-width:480px) and (max-width:767px){.elementor-image-gallery .gallery.gallery-columns-2 .gallery-item,.elementor-image-gallery .gallery.gallery-columns-3 .gallery-item,.elementor-image-gallery .gallery.gallery-columns-4 .gallery-item,.elementor-image-gallery .gallery.gallery-columns-5 .gallery-item,.elementor-image-gallery .gallery.gallery-columns-6 .gallery-item,.elementor-image-gallery .gallery.gallery-columns-7 .gallery-item,.elementor-image-gallery .gallery.gallery-columns-8 .gallery-item,.elementor-image-gallery .gallery.gallery-columns-9 .gallery-item,.elementor-image-gallery .gallery.gallery-columns-10 .gallery-item{max-width:50%}}@media (max-width:479px){.elementor-image-gallery .gallery.gallery-columns-2 .gallery-item,.elementor-image-gallery .gallery.gallery-columns-3 .gallery-item,.elementor-image-gallery .gallery.gallery-columns-4 .gallery-item,.elementor-image-gallery .gallery.gallery-columns-5 .gallery-item,.elementor-image-gallery .gallery.gallery-columns-6 .gallery-item,.elementor-image-gallery .gallery.gallery-columns-7 .gallery-item,.elementor-image-gallery .gallery.gallery-columns-8 .gallery-item,.elementor-image-gallery .gallery.gallery-columns-9 .gallery-item,.elementor-image-gallery .gallery.gallery-columns-10 .gallery-item{max-width:100%}}<\/style>\t\t<div class=\"elementor-image-gallery\">\n\t\t\t<div id='gallery-1' class='gallery galleryid-1752 gallery-columns-4 gallery-size-medium_large'><figure class='gallery-item'>\n\t\t\t<div class='gallery-icon landscape'>\n\t\t\t\t<a data-elementor-open-lightbox=\"yes\" data-elementor-lightbox-slideshow=\"e0febba\" data-elementor-lightbox-title=\"MAPA_FIELDWORK\" data-e-action-hash=\"#elementor-action%3Aaction%3Dlightbox%26settings%3DeyJpZCI6MTU3NywidXJsIjoiaHR0cHM6XC9cL3B1c2t1cnVtLmNvbVwvd3AtY29udGVudFwvdXBsb2Fkc1wvMjAyM1wvMDVcL01BUEFfRklFTERXT1JLLWUxNjgzODg5MzE3MTg0LmpwZyIsInNsaWRlc2hvdyI6ImUwZmViYmEifQ%3D%3D\" href='https:\/\/puskurum.com\/wp-content\/uploads\/2023\/05\/MAPA_FIELDWORK-e1683889317184.jpg'><img width=\"768\" height=\"501\" src=\"https:\/\/puskurum.com\/wp-content\/uploads\/2023\/05\/MAPA_FIELDWORK-e1683889317184-768x501.jpg\" class=\"attachment-medium_large size-medium_large\" alt=\"FIELDWORK_P\u00dcSK\u00dcR\u00dcM\" decoding=\"async\" loading=\"lazy\" srcset=\"https:\/\/puskurum.com\/wp-content\/uploads\/2023\/05\/MAPA_FIELDWORK-e1683889317184-768x501.jpg 768w, https:\/\/puskurum.com\/wp-content\/uploads\/2023\/05\/MAPA_FIELDWORK-e1683889317184-300x196.jpg 300w, https:\/\/puskurum.com\/wp-content\/uploads\/2023\/05\/MAPA_FIELDWORK-e1683889317184.jpg 910w\" sizes=\"(max-width: 768px) 100vw, 768px\" \/><\/a>\n\t\t\t<\/div><\/figure><figure class='gallery-item'>\n\t\t\t<div class='gallery-icon landscape'>\n\t\t\t\t<a data-elementor-open-lightbox=\"yes\" data-elementor-lightbox-slideshow=\"e0febba\" data-elementor-lightbox-title=\"PUSKURUM project study area\" data-e-action-hash=\"#elementor-action%3Aaction%3Dlightbox%26settings%3DeyJpZCI6MTg2OSwidXJsIjoiaHR0cHM6XC9cL3B1c2t1cnVtLmNvbVwvd3AtY29udGVudFwvdXBsb2Fkc1wvMjAyM1wvMDZcL1BVU0tVUlVNLXByb2plY3Qtc3R1ZHktYXJlYS5wbmciLCJzbGlkZXNob3ciOiJlMGZlYmJhIn0%3D\" href='https:\/\/puskurum.com\/wp-content\/uploads\/2023\/06\/PUSKURUM-project-study-area.png'><img width=\"768\" height=\"461\" src=\"https:\/\/puskurum.com\/wp-content\/uploads\/2023\/06\/PUSKURUM-project-study-area-768x461.png\" class=\"attachment-medium_large size-medium_large\" alt=\"\" decoding=\"async\" loading=\"lazy\" srcset=\"https:\/\/puskurum.com\/wp-content\/uploads\/2023\/06\/PUSKURUM-project-study-area-768x461.png 768w, https:\/\/puskurum.com\/wp-content\/uploads\/2023\/06\/PUSKURUM-project-study-area-300x180.png 300w, https:\/\/puskurum.com\/wp-content\/uploads\/2023\/06\/PUSKURUM-project-study-area-1024x615.png 1024w, https:\/\/puskurum.com\/wp-content\/uploads\/2023\/06\/PUSKURUM-project-study-area.png 1071w\" sizes=\"(max-width: 768px) 100vw, 768px\" \/><\/a>\n\t\t\t<\/div><\/figure><figure class='gallery-item'>\n\t\t\t<div class='gallery-icon landscape'>\n\t\t\t\t<a data-elementor-open-lightbox=\"yes\" data-elementor-lightbox-slideshow=\"e0febba\" data-elementor-lightbox-title=\"P\u00dcSK\u00dcR\u00dcM RESEARCH MAP\" data-e-action-hash=\"#elementor-action%3Aaction%3Dlightbox%26settings%3DeyJpZCI6MTY2NywidXJsIjoiaHR0cHM6XC9cL3B1c2t1cnVtLmNvbVwvd3AtY29udGVudFwvdXBsb2Fkc1wvMjAyM1wvMDZcL2ltYWdlMjQtZTE2ODU3OTYwMjY2MzUucG5nIiwic2xpZGVzaG93IjoiZTBmZWJiYSJ9\" data-elementor-lightbox-description=\"P\u00dcSK\u00dcR\u00dcM RESEARCH MAP\" href='https:\/\/puskurum.com\/wp-content\/uploads\/2023\/06\/image24-e1685796026635.png'><img width=\"768\" height=\"420\" src=\"https:\/\/puskurum.com\/wp-content\/uploads\/2023\/06\/image24-e1685796026635-768x420.png\" class=\"attachment-medium_large size-medium_large\" alt=\"P\u00dcSK\u00dcR\u00dcM RESEARCH MAP\" decoding=\"async\" loading=\"lazy\" aria-describedby=\"gallery-1-1667\" srcset=\"https:\/\/puskurum.com\/wp-content\/uploads\/2023\/06\/image24-e1685796026635-768x420.png 768w, https:\/\/puskurum.com\/wp-content\/uploads\/2023\/06\/image24-e1685796026635-300x164.png 300w, https:\/\/puskurum.com\/wp-content\/uploads\/2023\/06\/image24-e1685796026635-1024x560.png 1024w, https:\/\/puskurum.com\/wp-content\/uploads\/2023\/06\/image24-e1685796026635.png 1353w\" sizes=\"(max-width: 768px) 100vw, 768px\" \/><\/a>\n\t\t\t<\/div>\n\t\t\t\t<figcaption class='wp-caption-text gallery-caption' id='gallery-1-1667'>\n\t\t\t\tP\u00dcSK\u00dcR\u00dcM RESEARCH MAP\n\t\t\t\t<\/figcaption><\/figure><figure class='gallery-item'>\n\t\t\t<div class='gallery-icon landscape'>\n\t\t\t\t<a data-elementor-open-lightbox=\"yes\" data-elementor-lightbox-slideshow=\"e0febba\" data-elementor-lightbox-title=\"Acigol_caldera\" data-e-action-hash=\"#elementor-action%3Aaction%3Dlightbox%26settings%3DeyJpZCI6MTU4MCwidXJsIjoiaHR0cHM6XC9cL3B1c2t1cnVtLmNvbVwvd3AtY29udGVudFwvdXBsb2Fkc1wvMjAyM1wvMDVcL0FjaWdvbF9jYWxkZXJhLWUxNjgzODkwMDc2OTAxLmpwZyIsInNsaWRlc2hvdyI6ImUwZmViYmEifQ%3D%3D\" data-elementor-lightbox-description=\"Acig\u00f6l caldera\" href='https:\/\/puskurum.com\/wp-content\/uploads\/2023\/05\/Acigol_caldera-e1683890076901.jpg'><img width=\"768\" height=\"359\" src=\"https:\/\/puskurum.com\/wp-content\/uploads\/2023\/05\/Acigol_caldera-e1683890076901-768x359.jpg\" class=\"attachment-medium_large size-medium_large\" alt=\"Acig\u00f6l caldera\" decoding=\"async\" loading=\"lazy\" aria-describedby=\"gallery-1-1580\" srcset=\"https:\/\/puskurum.com\/wp-content\/uploads\/2023\/05\/Acigol_caldera-e1683890076901-768x359.jpg 768w, https:\/\/puskurum.com\/wp-content\/uploads\/2023\/05\/Acigol_caldera-e1683890076901-300x140.jpg 300w, https:\/\/puskurum.com\/wp-content\/uploads\/2023\/05\/Acigol_caldera-e1683890076901-1024x478.jpg 1024w, https:\/\/puskurum.com\/wp-content\/uploads\/2023\/05\/Acigol_caldera-e1683890076901.jpg 1158w\" sizes=\"(max-width: 768px) 100vw, 768px\" \/><\/a>\n\t\t\t<\/div>\n\t\t\t\t<figcaption class='wp-caption-text gallery-caption' id='gallery-1-1580'>\n\t\t\t\tAcig\u00f6l caldera\n\t\t\t\t<\/figcaption><\/figure><figure class='gallery-item'>\n\t\t\t<div class='gallery-icon landscape'>\n\t\t\t\t<a data-elementor-open-lightbox=\"yes\" data-elementor-lightbox-slideshow=\"e0febba\" data-elementor-lightbox-title=\"image17\" data-e-action-hash=\"#elementor-action%3Aaction%3Dlightbox%26settings%3DeyJpZCI6MTcxMywidXJsIjoiaHR0cHM6XC9cL3B1c2t1cnVtLmNvbVwvd3AtY29udGVudFwvdXBsb2Fkc1wvMjAyM1wvMDZcL2ltYWdlMTcuanBnIiwic2xpZGVzaG93IjoiZTBmZWJiYSJ9\" data-elementor-lightbox-description=\"Acig\u00f6l caldera\" href='https:\/\/puskurum.com\/wp-content\/uploads\/2023\/06\/image17.jpg'><img width=\"768\" height=\"512\" src=\"https:\/\/puskurum.com\/wp-content\/uploads\/2023\/06\/image17-768x512.jpg\" class=\"attachment-medium_large size-medium_large\" alt=\"\" decoding=\"async\" loading=\"lazy\" srcset=\"https:\/\/puskurum.com\/wp-content\/uploads\/2023\/06\/image17-768x512.jpg 768w, https:\/\/puskurum.com\/wp-content\/uploads\/2023\/06\/image17-300x200.jpg 300w, https:\/\/puskurum.com\/wp-content\/uploads\/2023\/06\/image17-1024x682.jpg 1024w, https:\/\/puskurum.com\/wp-content\/uploads\/2023\/06\/image17.jpg 1151w\" sizes=\"(max-width: 768px) 100vw, 768px\" \/><\/a>\n\t\t\t<\/div><\/figure><figure class='gallery-item'>\n\t\t\t<div class='gallery-icon landscape'>\n\t\t\t\t<a data-elementor-open-lightbox=\"yes\" data-elementor-lightbox-slideshow=\"e0febba\" data-elementor-lightbox-title=\"image20\" data-e-action-hash=\"#elementor-action%3Aaction%3Dlightbox%26settings%3DeyJpZCI6MTcxNSwidXJsIjoiaHR0cHM6XC9cL3B1c2t1cnVtLmNvbVwvd3AtY29udGVudFwvdXBsb2Fkc1wvMjAyM1wvMDZcL2ltYWdlMjAtZTE2ODU4MDA4NDEyMTMuanBnIiwic2xpZGVzaG93IjoiZTBmZWJiYSJ9\" data-elementor-lightbox-description=\"Acig\u00f6l caldera\" href='https:\/\/puskurum.com\/wp-content\/uploads\/2023\/06\/image20-e1685800841213.jpg'><img width=\"768\" height=\"576\" src=\"https:\/\/puskurum.com\/wp-content\/uploads\/2023\/06\/image20-768x576.jpg\" class=\"attachment-medium_large size-medium_large\" alt=\"\" decoding=\"async\" loading=\"lazy\" srcset=\"https:\/\/puskurum.com\/wp-content\/uploads\/2023\/06\/image20-768x576.jpg 768w, https:\/\/puskurum.com\/wp-content\/uploads\/2023\/06\/image20-e1685800841213-300x225.jpg 300w, https:\/\/puskurum.com\/wp-content\/uploads\/2023\/06\/image20-e1685800841213.jpg 667w\" sizes=\"(max-width: 768px) 100vw, 768px\" \/><\/a>\n\t\t\t<\/div><\/figure><figure class='gallery-item'>\n\t\t\t<div class='gallery-icon landscape'>\n\t\t\t\t<a data-elementor-open-lightbox=\"yes\" data-elementor-lightbox-slideshow=\"e0febba\" data-elementor-lightbox-title=\"image14\" data-e-action-hash=\"#elementor-action%3Aaction%3Dlightbox%26settings%3DeyJpZCI6MTcxNCwidXJsIjoiaHR0cHM6XC9cL3B1c2t1cnVtLmNvbVwvd3AtY29udGVudFwvdXBsb2Fkc1wvMjAyM1wvMDZcL2ltYWdlMTQuanBnIiwic2xpZGVzaG93IjoiZTBmZWJiYSJ9\" data-elementor-lightbox-description=\"Acig\u00f6l caldera\" href='https:\/\/puskurum.com\/wp-content\/uploads\/2023\/06\/image14.jpg'><img width=\"370\" height=\"248\" src=\"https:\/\/puskurum.com\/wp-content\/uploads\/2023\/06\/image14.jpg\" class=\"attachment-medium_large size-medium_large\" alt=\"\" decoding=\"async\" loading=\"lazy\" srcset=\"https:\/\/puskurum.com\/wp-content\/uploads\/2023\/06\/image14.jpg 370w, https:\/\/puskurum.com\/wp-content\/uploads\/2023\/06\/image14-300x201.jpg 300w\" sizes=\"(max-width: 370px) 100vw, 370px\" \/><\/a>\n\t\t\t<\/div><\/figure><figure class='gallery-item'>\n\t\t\t<div class='gallery-icon portrait'>\n\t\t\t\t<a data-elementor-open-lightbox=\"yes\" data-elementor-lightbox-slideshow=\"e0febba\" data-elementor-lightbox-title=\"Fieldwork\" data-e-action-hash=\"#elementor-action%3Aaction%3Dlightbox%26settings%3DeyJpZCI6MTU3NSwidXJsIjoiaHR0cHM6XC9cL3B1c2t1cnVtLmNvbVwvd3AtY29udGVudFwvdXBsb2Fkc1wvMjAyM1wvMDVcL0ZpZWxkd29yay0yLWUxNjgzODg4ODk2NDkxLmpwZyIsInNsaWRlc2hvdyI6ImUwZmViYmEifQ%3D%3D\" data-elementor-lightbox-description=\"Central Anatolian Volcanic Province (CAVP)\" href='https:\/\/puskurum.com\/wp-content\/uploads\/2023\/05\/Fieldwork-2-e1683888896491.jpg'><img width=\"495\" height=\"496\" src=\"https:\/\/puskurum.com\/wp-content\/uploads\/2023\/05\/Fieldwork-2-e1683888896491.jpg\" class=\"attachment-medium_large size-medium_large\" alt=\"\" decoding=\"async\" loading=\"lazy\" aria-describedby=\"gallery-1-1575\" srcset=\"https:\/\/puskurum.com\/wp-content\/uploads\/2023\/05\/Fieldwork-2-e1683888896491.jpg 495w, https:\/\/puskurum.com\/wp-content\/uploads\/2023\/05\/Fieldwork-2-e1683888896491-300x300.jpg 300w, https:\/\/puskurum.com\/wp-content\/uploads\/2023\/05\/Fieldwork-2-e1683888896491-150x150.jpg 150w\" sizes=\"(max-width: 495px) 100vw, 495px\" \/><\/a>\n\t\t\t<\/div>\n\t\t\t\t<figcaption class='wp-caption-text gallery-caption' id='gallery-1-1575'>\n\t\t\t\tHasanda\u011f stratovolcano \n\t\t\t\t<\/figcaption><\/figure>\n\t\t<\/div>\n\t\t<\/div>\n\t\t\t\t<\/div>\n\t\t\t\t<\/div>\n\t\t\t\t\t<\/div>\n\t\t<\/div>\n\t\t\t\t\t\t\t<\/div>\n\t\t<\/section>\n\t\t\t\t\t\t\t<\/div>\n\t\t","protected":false},"excerpt":{"rendered":"<p>PHOTO GALLERY P\u00dcSK\u00dcR\u00dcM RESEARCH MAP Acig\u00f6l caldera Hasanda\u011f stratovolcano<\/p>\n","protected":false},"author":1,"featured_media":0,"parent":1459,"menu_order":1,"comment_status":"closed","ping_status":"closed","template":"","meta":{"site-sidebar-layout":"no-sidebar","site-content-layout":"page-builder","ast-global-header-display":"","ast-main-header-display":"","ast-hfb-above-header-display":"","ast-hfb-below-header-display":"","ast-hfb-mobile-header-display":"","site-post-title":"disabled","ast-breadcrumbs-content":"","ast-featured-img":"disabled","footer-sml-layout":"","theme-transparent-header-meta":"","adv-header-id-meta":"","stick-header-meta":"","header-above-stick-meta":"","header-main-stick-meta":"","header-below-stick-meta":""},"_links":{"self":[{"href":"https:\/\/puskurum.com\/index.php\/wp-json\/wp\/v2\/pages\/1752"}],"collection":[{"href":"https:\/\/puskurum.com\/index.php\/wp-json\/wp\/v2\/pages"}],"about":[{"href":"https:\/\/puskurum.com\/index.php\/wp-json\/wp\/v2\/types\/page"}],"author":[{"embeddable":true,"href":"https:\/\/puskurum.com\/index.php\/wp-json\/wp\/v2\/users\/1"}],"replies":[{"embeddable":true,"href":"https:\/\/puskurum.com\/index.php\/wp-json\/wp\/v2\/comments?post=1752"}],"version-history":[{"count":11,"href":"https:\/\/puskurum.com\/index.php\/wp-json\/wp\/v2\/pages\/1752\/revisions"}],"predecessor-version":[{"id":1906,"href":"https:\/\/puskurum.com\/index.php\/wp-json\/wp\/v2\/pages\/1752\/revisions\/1906"}],"up":[{"embeddable":true,"href":"https:\/\/puskurum.com\/index.php\/wp-json\/wp\/v2\/pages\/1459"}],"wp:attachment":[{"href":"https:\/\/puskurum.com\/index.php\/wp-json\/wp\/v2\/media?parent=1752"}],"curies":[{"name":"wp","href":"https:\/\/api.w.org\/{rel}","templated":true}]}}