{"id":2133,"date":"2023-07-05T03:52:44","date_gmt":"2023-07-05T06:52:44","guid":{"rendered":"https:\/\/puskurum.com\/?page_id=2133"},"modified":"2023-07-10T17:29:28","modified_gmt":"2023-07-10T20:29:28","slug":"seminars","status":"publish","type":"page","link":"https:\/\/puskurum.com\/index.php\/seminars\/","title":{"rendered":"SEMINARS"},"content":{"rendered":"\t\t<div data-elementor-type=\"wp-page\" data-elementor-id=\"2133\" class=\"elementor elementor-2133\">\n\t\t\t\t\t\t\t\t\t<section class=\"elementor-section elementor-top-section elementor-element elementor-element-3ee82fe elementor-section-boxed elementor-section-height-default elementor-section-height-default\" data-id=\"3ee82fe\" data-element_type=\"section\">\n\t\t\t\t\t\t<div class=\"elementor-container elementor-column-gap-default\">\n\t\t\t\t\t<div class=\"elementor-column elementor-col-100 elementor-top-column elementor-element elementor-element-5401a92\" data-id=\"5401a92\" data-element_type=\"column\">\n\t\t\t<div class=\"elementor-widget-wrap elementor-element-populated\">\n\t\t\t\t\t\t\t\t<div class=\"elementor-element elementor-element-5b456e3 elementor-widget elementor-widget-spacer\" data-id=\"5b456e3\" data-element_type=\"widget\" data-widget_type=\"spacer.default\">\n\t\t\t\t<div class=\"elementor-widget-container\">\n\t\t\t<style>\/*! elementor - v3.15.0 - 09-08-2023 *\/\n.elementor-column .elementor-spacer-inner{height:var(--spacer-size)}.e-con{--container-widget-width:100%}.e-con-inner>.elementor-widget-spacer,.e-con>.elementor-widget-spacer{width:var(--container-widget-width,var(--spacer-size));--align-self:var(--container-widget-align-self,initial);--flex-shrink:0}.e-con-inner>.elementor-widget-spacer>.elementor-widget-container,.e-con-inner>.elementor-widget-spacer>.elementor-widget-container>.elementor-spacer,.e-con>.elementor-widget-spacer>.elementor-widget-container,.e-con>.elementor-widget-spacer>.elementor-widget-container>.elementor-spacer{height:100%}.e-con-inner>.elementor-widget-spacer>.elementor-widget-container>.elementor-spacer>.elementor-spacer-inner,.e-con>.elementor-widget-spacer>.elementor-widget-container>.elementor-spacer>.elementor-spacer-inner{height:var(--container-widget-height,var(--spacer-size))}<\/style>\t\t<div class=\"elementor-spacer\">\n\t\t\t<div class=\"elementor-spacer-inner\"><\/div>\n\t\t<\/div>\n\t\t\t\t<\/div>\n\t\t\t\t<\/div>\n\t\t\t\t<div class=\"elementor-element elementor-element-e4f10cd elementor-widget elementor-widget-heading\" data-id=\"e4f10cd\" data-element_type=\"widget\" data-widget_type=\"heading.default\">\n\t\t\t\t<div class=\"elementor-widget-container\">\n\t\t\t<style>\/*! elementor - v3.15.0 - 09-08-2023 *\/\n.elementor-heading-title{padding:0;margin:0;line-height:1}.elementor-widget-heading .elementor-heading-title[class*=elementor-size-]>a{color:inherit;font-size:inherit;line-height:inherit}.elementor-widget-heading .elementor-heading-title.elementor-size-small{font-size:15px}.elementor-widget-heading .elementor-heading-title.elementor-size-medium{font-size:19px}.elementor-widget-heading .elementor-heading-title.elementor-size-large{font-size:29px}.elementor-widget-heading .elementor-heading-title.elementor-size-xl{font-size:39px}.elementor-widget-heading .elementor-heading-title.elementor-size-xxl{font-size:59px}<\/style><h2 class=\"elementor-heading-title elementor-size-default\">SEMINARS AND TALKS<\/h2>\t\t<\/div>\n\t\t\t\t<\/div>\n\t\t\t\t\t<\/div>\n\t\t<\/div>\n\t\t\t\t\t\t\t<\/div>\n\t\t<\/section>\n\t\t\t\t<section class=\"elementor-section elementor-top-section elementor-element elementor-element-fe383fc elementor-section-boxed elementor-section-height-default elementor-section-height-default\" data-id=\"fe383fc\" data-element_type=\"section\">\n\t\t\t\t\t\t<div class=\"elementor-container elementor-column-gap-default\">\n\t\t\t\t\t<div class=\"elementor-column elementor-col-100 elementor-top-column elementor-element elementor-element-f4eefde\" data-id=\"f4eefde\" data-element_type=\"column\">\n\t\t\t<div class=\"elementor-widget-wrap elementor-element-populated\">\n\t\t\t\t\t\t\t\t<div class=\"elementor-element elementor-element-fde3010 elementor-widget elementor-widget-text-editor\" data-id=\"fde3010\" data-element_type=\"widget\" data-widget_type=\"text-editor.default\">\n\t\t\t\t<div class=\"elementor-widget-container\">\n\t\t\t<style>\/*! elementor - v3.15.0 - 09-08-2023 *\/\n.elementor-widget-text-editor.elementor-drop-cap-view-stacked .elementor-drop-cap{background-color:#69727d;color:#fff}.elementor-widget-text-editor.elementor-drop-cap-view-framed .elementor-drop-cap{color:#69727d;border:3px solid;background-color:transparent}.elementor-widget-text-editor:not(.elementor-drop-cap-view-default) .elementor-drop-cap{margin-top:8px}.elementor-widget-text-editor:not(.elementor-drop-cap-view-default) .elementor-drop-cap-letter{width:1em;height:1em}.elementor-widget-text-editor .elementor-drop-cap{float:left;text-align:center;line-height:1;font-size:50px}.elementor-widget-text-editor .elementor-drop-cap-letter{display:inline-block}<\/style>\t\t\t\t<p><span style=\"font-weight: 400;\">In order to maximize public engagements, the P\u00dcSK\u00dcR\u00dcM project and its results will be promoted to the academic community and to general public, creating awareness of the performed research beyond the scientific community. Dr. Ivan Suny\u00e9 Puchol has organized and participate in several seminars open to students, researchers and public in general at La Sapienza University, Hacettepe University (Ankara, Turkey &#8211; online), at the <\/span><a href=\"https:\/\/geo3bcn.csic.es\/index.php\/media-outreach\/events-2\/81-seminar-ivan-sunye\/2023-01-12-12-00\"><span style=\"font-weight: 400;\">Geosciences Barcelona \u2013 CSIC<\/span><\/a><span style=\"font-weight: 400;\"> (Catalonia, Spain), in the <\/span><a href=\"https:\/\/civis.eu\/it\/events\/building-the-civis-geochronology-network-cgn\"><span style=\"font-weight: 400;\">CIVIS short-course on geochronology<\/span><\/a><span style=\"font-weight: 400;\"> (Aix-Marseille University, France;), for the master students in Volcanology and hazards of the University of El Salvador (UES, Central America &#8211; online). <\/span><\/p>\t\t\t\t\t\t<\/div>\n\t\t\t\t<\/div>\n\t\t\t\t\t<\/div>\n\t\t<\/div>\n\t\t\t\t\t\t\t<\/div>\n\t\t<\/section>\n\t\t\t\t<section class=\"elementor-section elementor-top-section elementor-element elementor-element-6dd0329 elementor-section-boxed elementor-section-height-default elementor-section-height-default\" data-id=\"6dd0329\" data-element_type=\"section\">\n\t\t\t\t\t\t<div class=\"elementor-container elementor-column-gap-default\">\n\t\t\t\t\t<div class=\"elementor-column elementor-col-100 elementor-top-column elementor-element elementor-element-cef9a6a\" data-id=\"cef9a6a\" data-element_type=\"column\">\n\t\t\t<div class=\"elementor-widget-wrap elementor-element-populated\">\n\t\t\t\t\t\t\t\t<div class=\"elementor-element elementor-element-7aa37b4 elementor-arrows-position-inside elementor-pagination-position-outside elementor-widget elementor-widget-image-carousel\" data-id=\"7aa37b4\" data-element_type=\"widget\" data-settings=\"{&quot;slides_to_show&quot;:&quot;1&quot;,&quot;navigation&quot;:&quot;both&quot;,&quot;autoplay&quot;:&quot;yes&quot;,&quot;pause_on_hover&quot;:&quot;yes&quot;,&quot;pause_on_interaction&quot;:&quot;yes&quot;,&quot;autoplay_speed&quot;:5000,&quot;infinite&quot;:&quot;yes&quot;,&quot;effect&quot;:&quot;slide&quot;,&quot;speed&quot;:500}\" data-widget_type=\"image-carousel.default\">\n\t\t\t\t<div class=\"elementor-widget-container\">\n\t\t\t<style>\/*! elementor - v3.15.0 - 09-08-2023 *\/\n.elementor-widget-image-carousel .swiper,.elementor-widget-image-carousel .swiper-container{position:static}.elementor-widget-image-carousel .swiper-container .swiper-slide figure,.elementor-widget-image-carousel .swiper .swiper-slide figure{line-height:inherit}.elementor-widget-image-carousel .swiper-slide{text-align:center}.elementor-image-carousel-wrapper:not(.swiper-container-initialized):not(.swiper-initialized) .swiper-slide{max-width:calc(100% \/ var(--e-image-carousel-slides-to-show, 3))}<\/style>\t\t<div class=\"elementor-image-carousel-wrapper swiper\" dir=\"ltr\">\n\t\t\t<div class=\"elementor-image-carousel swiper-wrapper swiper-image-stretch\" aria-live=\"off\">\n\t\t\t\t\t\t\t\t<div class=\"swiper-slide\" role=\"group\" aria-roledescription=\"slide\" aria-label=\"1 of 3\"><a data-elementor-open-lightbox=\"yes\" data-elementor-lightbox-slideshow=\"7aa37b4\" data-elementor-lightbox-title=\"seminari sapienza\" data-e-action-hash=\"#elementor-action%3Aaction%3Dlightbox%26settings%3DeyJpZCI6MjA5NywidXJsIjoiaHR0cHM6XC9cL3B1c2t1cnVtLmNvbVwvd3AtY29udGVudFwvdXBsb2Fkc1wvMjAyM1wvMDdcL3NlbWluYXJpLXNhcGllbnphLnBuZyIsInNsaWRlc2hvdyI6IjdhYTM3YjQifQ%3D%3D\" href=\"https:\/\/puskurum.com\/wp-content\/uploads\/2023\/07\/seminari-sapienza.png\"><figure class=\"swiper-slide-inner\"><img decoding=\"async\" class=\"swiper-slide-image\" src=\"https:\/\/puskurum.com\/wp-content\/uploads\/2023\/07\/seminari-sapienza-1024x942.png\" alt=\"seminari sapienza\" \/><\/figure><\/a><\/div><div class=\"swiper-slide\" role=\"group\" aria-roledescription=\"slide\" aria-label=\"2 of 3\"><a data-elementor-open-lightbox=\"yes\" data-elementor-lightbox-slideshow=\"7aa37b4\" data-elementor-lightbox-title=\"ic_large_w900h600q100_20230111-join-the-geo3bcn-ub-seminar\" data-e-action-hash=\"#elementor-action%3Aaction%3Dlightbox%26settings%3DeyJpZCI6MjA5OCwidXJsIjoiaHR0cHM6XC9cL3B1c2t1cnVtLmNvbVwvd3AtY29udGVudFwvdXBsb2Fkc1wvMjAyM1wvMDdcL2ljX2xhcmdlX3c5MDBoNjAwcTEwMF8yMDIzMDExMS1qb2luLXRoZS1nZW8zYmNuLXViLXNlbWluYXIuanBnIiwic2xpZGVzaG93IjoiN2FhMzdiNCJ9\" href=\"https:\/\/puskurum.com\/wp-content\/uploads\/2023\/07\/ic_large_w900h600q100_20230111-join-the-geo3bcn-ub-seminar.jpg\"><figure class=\"swiper-slide-inner\"><img decoding=\"async\" class=\"swiper-slide-image\" src=\"https:\/\/puskurum.com\/wp-content\/uploads\/2023\/07\/ic_large_w900h600q100_20230111-join-the-geo3bcn-ub-seminar.jpg\" alt=\"ic_large_w900h600q100_20230111-join-the-geo3bcn-ub-seminar\" \/><\/figure><\/a><\/div><div class=\"swiper-slide\" role=\"group\" aria-roledescription=\"slide\" aria-label=\"3 of 3\"><a data-elementor-open-lightbox=\"yes\" data-elementor-lightbox-slideshow=\"7aa37b4\" data-elementor-lightbox-title=\"4bce2b2a-0bec-44f6-9338-f10fec91cd37\" data-e-action-hash=\"#elementor-action%3Aaction%3Dlightbox%26settings%3DeyJpZCI6MjA5NCwidXJsIjoiaHR0cHM6XC9cL3B1c2t1cnVtLmNvbVwvd3AtY29udGVudFwvdXBsb2Fkc1wvMjAyM1wvMDdcLzRiY2UyYjJhLTBiZWMtNDRmNi05MzM4LWYxMGZlYzkxY2QzNy5qcGciLCJzbGlkZXNob3ciOiI3YWEzN2I0In0%3D\" href=\"https:\/\/puskurum.com\/wp-content\/uploads\/2023\/07\/4bce2b2a-0bec-44f6-9338-f10fec91cd37.jpg\"><figure class=\"swiper-slide-inner\"><img decoding=\"async\" class=\"swiper-slide-image\" src=\"https:\/\/puskurum.com\/wp-content\/uploads\/2023\/07\/4bce2b2a-0bec-44f6-9338-f10fec91cd37-1024x768.jpg\" alt=\"4bce2b2a-0bec-44f6-9338-f10fec91cd37\" \/><\/figure><\/a><\/div>\t\t\t<\/div>\n\t\t\t\t\t\t\t\t\t\t\t\t<div class=\"elementor-swiper-button elementor-swiper-button-prev\" role=\"button\" tabindex=\"0\">\n\t\t\t\t\t\t<i aria-hidden=\"true\" class=\"eicon-chevron-left\"><\/i>\t\t\t\t\t<\/div>\n\t\t\t\t\t<div class=\"elementor-swiper-button elementor-swiper-button-next\" role=\"button\" tabindex=\"0\">\n\t\t\t\t\t\t<i aria-hidden=\"true\" class=\"eicon-chevron-right\"><\/i>\t\t\t\t\t<\/div>\n\t\t\t\t\n\t\t\t\t\t\t\t\t\t<div class=\"swiper-pagination\"><\/div>\n\t\t\t\t\t\t\t\t\t<\/div>\n\t\t\t\t<\/div>\n\t\t\t\t<\/div>\n\t\t\t\t\t<\/div>\n\t\t<\/div>\n\t\t\t\t\t\t\t<\/div>\n\t\t<\/section>\n\t\t\t\t\t\t\t<\/div>\n\t\t","protected":false},"excerpt":{"rendered":"<p>SEMINARS AND TALKS In order to maximize public engagements, the P\u00dcSK\u00dcR\u00dcM project and its results will be promoted to the academic community and to general public, creating awareness of the performed research beyond the scientific community. Dr. Ivan Suny\u00e9 Puchol has organized and participate in several seminars open to students, researchers and public in general &hellip;<\/p>\n<p class=\"read-more\"> <a class=\"\" href=\"https:\/\/puskurum.com\/index.php\/seminars\/\"> <span class=\"screen-reader-text\">SEMINARS<\/span> Read More &raquo;<\/a><\/p>\n","protected":false},"author":1,"featured_media":0,"parent":0,"menu_order":0,"comment_status":"closed","ping_status":"closed","template":"","meta":{"site-sidebar-layout":"no-sidebar","site-content-layout":"page-builder","ast-global-header-display":"","ast-main-header-display":"","ast-hfb-above-header-display":"","ast-hfb-below-header-display":"","ast-hfb-mobile-header-display":"","site-post-title":"disabled","ast-breadcrumbs-content":"","ast-featured-img":"disabled","footer-sml-layout":"","theme-transparent-header-meta":"","adv-header-id-meta":"","stick-header-meta":"","header-above-stick-meta":"","header-main-stick-meta":"","header-below-stick-meta":""},"_links":{"self":[{"href":"https:\/\/puskurum.com\/index.php\/wp-json\/wp\/v2\/pages\/2133"}],"collection":[{"href":"https:\/\/puskurum.com\/index.php\/wp-json\/wp\/v2\/pages"}],"about":[{"href":"https:\/\/puskurum.com\/index.php\/wp-json\/wp\/v2\/types\/page"}],"author":[{"embeddable":true,"href":"https:\/\/puskurum.com\/index.php\/wp-json\/wp\/v2\/users\/1"}],"replies":[{"embeddable":true,"href":"https:\/\/puskurum.com\/index.php\/wp-json\/wp\/v2\/comments?post=2133"}],"version-history":[{"count":10,"href":"https:\/\/puskurum.com\/index.php\/wp-json\/wp\/v2\/pages\/2133\/revisions"}],"predecessor-version":[{"id":2387,"href":"https:\/\/puskurum.com\/index.php\/wp-json\/wp\/v2\/pages\/2133\/revisions\/2387"}],"wp:attachment":[{"href":"https:\/\/puskurum.com\/index.php\/wp-json\/wp\/v2\/media?parent=2133"}],"curies":[{"name":"wp","href":"https:\/\/api.w.org\/{rel}","templated":true}]}}